{"id":21,"date":"2011-11-12T16:46:59","date_gmt":"2011-11-12T15:46:59","guid":{"rendered":"http:\/\/blogs.elcorreo.com\/el-replicante\/?page_id=21"},"modified":"2011-11-12T16:46:59","modified_gmt":"2011-11-12T15:46:59","slug":"ander-carazo","status":"publish","type":"page","link":"https:\/\/blogs.elcorreo.com\/el-replicante\/ander-carazo\/","title":{"rendered":"Ander Carazo"},"content":{"rendered":"<p>Soy u<a href=\"\/el-replicante\/wp-content\/uploads\/sites\/38\/2011\/11\/FOTOFACEBOOK3.jpg\"><img loading=\"lazy\" class=\"alignright size-medium wp-image-22\" title=\"Ander Carazo\" src=\"\/el-replicante\/wp-content\/uploads\/sites\/38\/2011\/11\/FOTOFACEBOOK3.jpg\" alt=\"\" width=\"300\" height=\"225\" srcset=\"https:\/\/blogs.elcorreo.com\/el-replicante\/wp-content\/uploads\/sites\/38\/2011\/11\/FOTOFACEBOOK3.jpg 720w, https:\/\/blogs.elcorreo.com\/el-replicante\/wp-content\/uploads\/sites\/38\/2011\/11\/FOTOFACEBOOK3-300x225.jpg 300w\" sizes=\"(max-width: 300px) 100vw, 300px\" \/><\/a>n curioso periodista multimedia. Actualmente trabajo en <a title=\"Ciencia | El Correo\" href=\"http:\/\/ciencia.elcorreo.com\/\" target=\"_blank\" rel=\"external nofollow\">el proyecto Ciencia del diario El Correo<\/a>, que incluye un suplemento mensual y una p\u00e1gina web dedicados a la divulgaci\u00f3n, y colaboro con la redacci\u00f3n central del grupo Vocento.<\/p>\n<p>Estudi\u00e9 la carrera en la Universidad del Pa\u00eds Vasco y posteriormente hice el <a title=\"M\u00e1ster de Periodismo Multimedia de El Correo\" href=\"http:\/\/www.masterelcorreo.com\/index.htm\" target=\"_blank\" rel=\"external nofollow\">M\u00e1ster de Periodismo de Periodismo Multimedia de El Correo<\/a>. En los pocos a\u00f1os que llevo en la profesi\u00f3n he pasado por casi todas las secciones. Comenc\u00e9 en deportes, segu\u00ed en local, aprend\u00ed en econom\u00eda, tambi\u00e9n he escrito sobre pol\u00edtica y ahora, como ya he comentado, pruebo con la ciencia.<\/p>\n<p>Mi experiencia en blogs tambi\u00e9n es bastante extensa. He tenido \u2018bitacoras\u2019 sobre <a title=\"Pegado al Palo\" href=\"http:\/\/pegadoalpalo.wordpress.com\/\" target=\"_blank\" rel=\"external nofollow\">f\u00fatbol<\/a>, <a title=\"Un mundo en la mochila\" href=\"http:\/\/blogs.elcorreo.com\/un-mundo-en-la-mochila\/\" target=\"_blank\">viajes <\/a>y <a title=\"Series en cadena\" href=\"http:\/\/blogs.elcorreo.com\/seriesencadena\/\" target=\"_blank\">televisi\u00f3n<\/a>. Adem\u00e1s cuento con <a title=\"Reportajes de Ander Carazo\" href=\"http:\/\/andercarazo.blogspot.com\/\" target=\"_blank\" rel=\"external nofollow\">otro blog donde subo algunos de mis reportajes y entrevistas<\/a>.<\/p>\n<p>Aparte de todo esto, colaboro con <a title=\"Kirolmania Magazine\" href=\"http:\/\/www.kirolmania.net\/\" target=\"_blank\" rel=\"external nofollow\">la revista Kirolmania Magazine<\/a> y con <a title=\"Punto Radio Euskadi en vivo\" href=\"http:\/\/www.puntoradio.com\/popup\/envivo-pv.php?emisora=bilbao\" rel=\"external nofollow\">Punto Radio Euskadi<\/a>.<\/p>\n<p>Si quiere informarme de algo relacionado con la ciencia y la rob\u00f3tica o entrar en contacto conmigo para cualquier cosa, puede hacerlo bien <a title=\"Contacto\" href=\"http:\/\/blogs.elcorreo.com\/el-replicante\/contacto\/\" target=\"_blank\">por correo electr\u00f3nico<\/a> o <a title=\"Ander Carazo | Twitter\" href=\"http:\/\/twitter.com\/#%21\/andercarazo\" target=\"_blank\" rel=\"external nofollow\">Twitter<\/a>.<\/p>\n<!-- AddThis Advanced Settings generic via filter on the_content --><!-- AddThis Share Buttons generic via filter on the_content -->","protected":false},"excerpt":{"rendered":"<p>Soy un curioso periodista multimedia. Actualmente trabajo en el proyecto Ciencia del diario El Correo, que incluye un suplemento mensual y una p\u00e1gina web dedicados a la divulgaci\u00f3n, y colaboro con la redacci\u00f3n central del grupo Vocento. Estudi\u00e9 la carrera en la Universidad del Pa\u00eds Vasco y posteriormente hice el M\u00e1ster de Periodismo de Periodismo [&hellip;]<!-- AddThis Advanced Settings generic via filter on get_the_excerpt --><!-- AddThis Share Buttons generic via filter on get_the_excerpt --><\/p>\n","protected":false},"author":54,"featured_media":0,"parent":0,"menu_order":1,"comment_status":"closed","ping_status":"closed","template":"","meta":[],"_links":{"self":[{"href":"https:\/\/blogs.elcorreo.com\/el-replicante\/wp-json\/wp\/v2\/pages\/21"}],"collection":[{"href":"https:\/\/blogs.elcorreo.com\/el-replicante\/wp-json\/wp\/v2\/pages"}],"about":[{"href":"https:\/\/blogs.elcorreo.com\/el-replicante\/wp-json\/wp\/v2\/types\/page"}],"author":[{"embeddable":true,"href":"https:\/\/blogs.elcorreo.com\/el-replicante\/wp-json\/wp\/v2\/users\/54"}],"replies":[{"embeddable":true,"href":"https:\/\/blogs.elcorreo.com\/el-replicante\/wp-json\/wp\/v2\/comments?post=21"}],"version-history":[{"count":0,"href":"https:\/\/blogs.elcorreo.com\/el-replicante\/wp-json\/wp\/v2\/pages\/21\/revisions"}],"wp:attachment":[{"href":"https:\/\/blogs.elcorreo.com\/el-replicante\/wp-json\/wp\/v2\/media?parent=21"}],"curies":[{"name":"wp","href":"https:\/\/api.w.org\/{rel}","templated":true}]}}